{"id":271,"date":"2026-02-14T17:12:52","date_gmt":"2026-02-14T17:12:52","guid":{"rendered":"https:\/\/elcastillo.ar\/the-resort\/"},"modified":"2026-02-25T17:33:21","modified_gmt":"2026-02-25T17:33:21","slug":"the-resort","status":"publish","type":"page","link":"https:\/\/elcastillo.ar\/?page_id=271","title":{"rendered":"The Resort"},"content":{"rendered":"\t\t<div data-elementor-type=\"wp-page\" data-elementor-id=\"271\" class=\"elementor elementor-271\" data-elementor-post-type=\"page\">\n\t\t\t\t\t\t<section class=\"elementor-section elementor-top-section elementor-element elementor-element-3b8c3faf elementor-section-height-min-height elementor-section-full_width elementor-section-items-stretch elementor-section-content-middle elementor-section-height-default\" data-id=\"3b8c3faf\" data-element_type=\"section\" data-e-type=\"section\" data-settings=\"{&quot;background_background&quot;:&quot;classic&quot;}\">\n\t\t\t\t\t\t<div class=\"elementor-container elementor-column-gap-default\">\n\t\t\t\t\t<div class=\"elementor-column elementor-col-100 elementor-top-column elementor-element elementor-element-328b974b\" data-id=\"328b974b\" data-element_type=\"column\" data-e-type=\"column\">\n\t\t\t<div class=\"elementor-widget-wrap elementor-element-populated\">\n\t\t\t\t\t\t<div class=\"elementor-element elementor-element-6f50642b elementor-widget elementor-widget-heading\" data-id=\"6f50642b\" data-element_type=\"widget\" data-e-type=\"widget\" data-widget_type=\"heading.default\">\n\t\t\t\t<div class=\"elementor-widget-container\">\n\t\t\t\t\t<h1 class=\"elementor-heading-title elementor-size-default\"><br>\" El Castillo\"<\/h1>\t\t\t\t<\/div>\n\t\t\t\t<\/div>\n\t\t\t\t<div class=\"elementor-element elementor-element-410ba1b7 elementor-widget elementor-widget-heading\" data-id=\"410ba1b7\" data-element_type=\"widget\" data-e-type=\"widget\" data-widget_type=\"heading.default\">\n\t\t\t\t<div class=\"elementor-widget-container\">\n\t\t\t\t\t<h4 class=\"elementor-heading-title elementor-size-default\">Sal\u00f3n de Fiestas &amp; Eventos<\/h4>\t\t\t\t<\/div>\n\t\t\t\t<\/div>\n\t\t\t\t\t<\/div>\n\t\t<\/div>\n\t\t\t\t\t<\/div>\n\t\t<\/section>\n\t\t\t\t<section class=\"elementor-section elementor-top-section elementor-element elementor-element-444e90d6 elementor-section-height-min-height elementor-section-boxed elementor-section-height-default elementor-section-items-middle\" data-id=\"444e90d6\" data-element_type=\"section\" data-e-type=\"section\">\n\t\t\t\t\t\t<div class=\"elementor-container elementor-column-gap-default\">\n\t\t\t\t\t<div class=\"elementor-column elementor-col-100 elementor-top-column elementor-element elementor-element-1536da2\" data-id=\"1536da2\" data-element_type=\"column\" data-e-type=\"column\">\n\t\t\t<div class=\"elementor-widget-wrap elementor-element-populated\">\n\t\t\t\t\t\t<div class=\"elementor-element elementor-element-614160d2 elementor-widget__width-initial elementor-widget elementor-widget-text-editor\" data-id=\"614160d2\" data-element_type=\"widget\" data-e-type=\"widget\" data-widget_type=\"text-editor.default\">\n\t\t\t\t<div class=\"elementor-widget-container\">\n\t\t\t\t\t\t\t\t\t<h2 data-start=\"336\" data-end=\"358\"><strong data-start=\"370\" data-end=\"399\">EL CASTILLO INTERNATIONAL<\/strong><\/h2><p data-start=\"370\" data-end=\"478\"><br data-start=\"399\" data-end=\"402\" \/><strong data-start=\"402\" data-end=\"478\">Un lugar con historia, espacio y naturaleza para eventos extraordinarios<\/strong><\/p><p data-start=\"480\" data-end=\"678\">Un predio \u00fanico de <strong data-start=\"499\" data-end=\"547\">6 hect\u00e1reas en las Sierras Chicas de C\u00f3rdoba<\/strong>, con sal\u00f3n para <strong data-start=\"564\" data-end=\"580\">500 personas<\/strong>, casa principal y vistas abiertas, a solo <strong data-start=\"623\" data-end=\"677\">15 minutos del Aeropuerto Internacional de C\u00f3rdoba<\/strong>.<\/p><p data-start=\"680\" data-end=\"719\">[Solicitar Informaci\u00f3n]\u2003[Ver Ubicaci\u00f3n]<\/p><hr data-start=\"721\" data-end=\"724\" \/><h3 data-start=\"726\" data-end=\"743\">SECCI\u00d3N INTRO<\/h3><p data-start=\"745\" data-end=\"970\">Creado hace m\u00e1s de <strong data-start=\"764\" data-end=\"798\">30 a\u00f1os por Cecilia Villanueva<\/strong>, <strong data-start=\"800\" data-end=\"829\">El Castillo International<\/strong> es un hist\u00f3rico sal\u00f3n de fiestas y eventos ubicado en el <strong data-start=\"887\" data-end=\"911\">km 21 de la Ruta E53<\/strong>, en el corredor que conecta el aeropuerto con Salsipuedes.<\/p><p data-start=\"972\" data-end=\"1222\">Rodeado de naturaleza y con acceso directo desde una de las principales rutas de C\u00f3rdoba, El Castillo combina <strong data-start=\"1082\" data-end=\"1125\">escala, entorno y ubicaci\u00f3n estrat\u00e9gica<\/strong>, convirti\u00e9ndose en una opci\u00f3n ideal para eventos sociales, corporativos y propuestas tur\u00edsticas.<\/p><hr data-start=\"1224\" data-end=\"1227\" \/><h3 data-start=\"1229\" data-end=\"1263\">EVENTOS SOCIALES &amp; CASAMIENTOS<\/h3><p data-start=\"1265\" data-end=\"1323\"><strong data-start=\"1265\" data-end=\"1323\">Celebraciones que necesitan espacio y un entorno \u00fanico<\/strong><\/p><p data-start=\"1325\" data-end=\"1414\">El Castillo ofrece un escenario ideal para casamientos y eventos sociales de gran escala:<\/p><ul data-start=\"1415\" data-end=\"1590\"><li data-start=\"1415\" data-end=\"1459\"><p data-start=\"1417\" data-end=\"1459\">Sal\u00f3n equipado para <strong data-start=\"1437\" data-end=\"1459\">hasta 500 personas<\/strong><\/p><\/li><li data-start=\"1460\" data-end=\"1507\"><p data-start=\"1462\" data-end=\"1507\">Amplios parques para ceremonias al aire libre<\/p><\/li><li data-start=\"1508\" data-end=\"1546\"><p data-start=\"1510\" data-end=\"1546\">Vistas abiertas a las Sierras Chicas<\/p><\/li><li data-start=\"1547\" data-end=\"1590\"><p data-start=\"1549\" data-end=\"1590\">F\u00e1cil acceso para invitados y proveedores<\/p><\/li><\/ul><p data-start=\"1592\" data-end=\"1664\">Un lugar donde cada evento se vive sin l\u00edmites de espacio ni de paisaje.<\/p><hr data-start=\"1666\" data-end=\"1669\" \/><h3 data-start=\"1671\" data-end=\"1695\">EVENTOS CORPORATIVOS<\/h3><p data-start=\"1697\" data-end=\"1752\"><strong data-start=\"1697\" data-end=\"1752\">Donde las empresas encuentran escala y tranquilidad<\/strong><\/p><p data-start=\"1754\" data-end=\"1820\">Empresas e instituciones eligen El Castillo por su combinaci\u00f3n de:<\/p><ul data-start=\"1821\" data-end=\"1924\"><li data-start=\"1821\" data-end=\"1832\"><p data-start=\"1823\" data-end=\"1832\">Capacidad<\/p><\/li><li data-start=\"1833\" data-end=\"1850\"><p data-start=\"1835\" data-end=\"1850\">Infraestructura<\/p><\/li><li data-start=\"1851\" data-end=\"1896\"><p data-start=\"1853\" data-end=\"1896\">Acceso r\u00e1pido desde C\u00f3rdoba y el aeropuerto<\/p><\/li><li data-start=\"1897\" data-end=\"1924\"><p data-start=\"1899\" data-end=\"1924\">Entorno natural exclusivo<\/p><\/li><\/ul><p data-start=\"1926\" data-end=\"2019\">Ideal para convenciones, lanzamientos, encuentros empresariales y celebraciones corporativas.<\/p><hr data-start=\"2021\" data-end=\"2024\" \/><h3 data-start=\"2026\" data-end=\"2052\">TURISMO &amp; EXPERIENCIAS<\/h3><p data-start=\"2054\" data-end=\"2094\"><strong data-start=\"2054\" data-end=\"2094\">Naturaleza, ubicaci\u00f3n y versatilidad<\/strong><\/p><p data-start=\"2096\" data-end=\"2330\">Ubicado cerca de <strong data-start=\"2113\" data-end=\"2160\">R\u00edo Ceballos, La Falda, Cosqu\u00edn y La Cumbre<\/strong>, El Castillo es un espacio ideal para eventos tur\u00edsticos, encuentros recreativos y propuestas especiales que buscan contacto con la naturaleza sin alejarse de la ciudad.<\/p><hr data-start=\"2332\" data-end=\"2335\" \/><h3 data-start=\"2337\" data-end=\"2350\">UBICACI\u00d3N<\/h3><p data-start=\"2352\" data-end=\"2501\">\ud83d\udccd Km 21 \u2013 Ruta E53<br data-start=\"2371\" data-end=\"2374\" \/>\u2708 15 minutos del Aeropuerto Internacional de C\u00f3rdoba<br data-start=\"2426\" data-end=\"2429\" \/>\ud83c\udfd9 Cercano a C\u00f3rdoba capital<br data-start=\"2457\" data-end=\"2460\" \/>\ud83c\udf04 En pleno coraz\u00f3n de las Sierras Chicas<\/p>\t\t\t\t\t\t\t\t<\/div>\n\t\t\t\t<\/div>\n\t\t\t\t\t<\/div>\n\t\t<\/div>\n\t\t\t\t\t<\/div>\n\t\t<\/section>\n\t\t\t\t<\/div>\n\t\t","protected":false},"excerpt":{"rendered":"<p>&#8221; El Castillo&#8221; Sal\u00f3n de Fiestas &amp; Eventos EL CASTILLO INTERNATIONAL Un lugar con historia, espacio y naturaleza para eventos extraordinarios Un predio \u00fanico de 6 hect\u00e1reas en las Sierras Chicas de C\u00f3rdoba, con sal\u00f3n para 500 personas, casa principal y vistas abiertas, a solo 15 minutos del Aeropuerto Internacional de C\u00f3rdoba. [Solicitar Informaci\u00f3n]\u2003[Ver Ubicaci\u00f3n] [&hellip;]<\/p>\n","protected":false},"author":1,"featured_media":287,"parent":0,"menu_order":0,"comment_status":"closed","ping_status":"closed","template":"elementor_header_footer","meta":{"footnotes":""},"class_list":["post-271","page","type-page","status-publish","has-post-thumbnail","hentry"],"_hostinger_reach_plugin_has_subscription_block":false,"_hostinger_reach_plugin_is_elementor":false,"_links":{"self":[{"href":"https:\/\/elcastillo.ar\/index.php?rest_route=\/wp\/v2\/pages\/271","targetHints":{"allow":["GET"]}}],"collection":[{"href":"https:\/\/elcastillo.ar\/index.php?rest_route=\/wp\/v2\/pages"}],"about":[{"href":"https:\/\/elcastillo.ar\/index.php?rest_route=\/wp\/v2\/types\/page"}],"author":[{"embeddable":true,"href":"https:\/\/elcastillo.ar\/index.php?rest_route=\/wp\/v2\/users\/1"}],"replies":[{"embeddable":true,"href":"https:\/\/elcastillo.ar\/index.php?rest_route=%2Fwp%2Fv2%2Fcomments&post=271"}],"version-history":[{"count":28,"href":"https:\/\/elcastillo.ar\/index.php?rest_route=\/wp\/v2\/pages\/271\/revisions"}],"predecessor-version":[{"id":997,"href":"https:\/\/elcastillo.ar\/index.php?rest_route=\/wp\/v2\/pages\/271\/revisions\/997"}],"wp:featuredmedia":[{"embeddable":true,"href":"https:\/\/elcastillo.ar\/index.php?rest_route=\/wp\/v2\/media\/287"}],"wp:attachment":[{"href":"https:\/\/elcastillo.ar\/index.php?rest_route=%2Fwp%2Fv2%2Fmedia&parent=271"}],"curies":[{"name":"wp","href":"https:\/\/api.w.org\/{rel}","templated":true}]}}